{"id":1584,"date":"2021-03-17T17:43:52","date_gmt":"2021-03-17T16:43:52","guid":{"rendered":"https:\/\/www.rjaanes.no\/?page_id=1584"},"modified":"2021-03-18T10:56:53","modified_gmt":"2021-03-18T09:56:53","slug":"bookingbetingelser","status":"publish","type":"page","link":"http:\/\/www.rjaanes.no\/en\/bookingbetingelser\/","title":{"rendered":"Bookingbetingelser"},"content":{"rendered":"<div data-elementor-type=\"wp-page\" data-elementor-id=\"1584\" class=\"elementor elementor-1584\" data-elementor-post-type=\"page\">\n\t\t\t\t\t\t<section class=\"elementor-section elementor-top-section elementor-element elementor-element-f78f99e elementor-section-full_width elementor-section-height-min-height elementor-section-height-default elementor-section-items-middle\" data-id=\"f78f99e\" data-element_type=\"section\" data-e-type=\"section\" data-settings=\"{&quot;background_background&quot;:&quot;classic&quot;,&quot;shape_divider_bottom&quot;:&quot;wave-brush&quot;}\">\n\t\t\t\t\t<div class=\"elementor-shape elementor-shape-bottom\" aria-hidden=\"true\" data-negative=\"false\">\n\t\t\t<svg xmlns=\"http:\/\/www.w3.org\/2000\/svg\" viewbox=\"0 0 283.5 27.8\" preserveaspectratio=\"none\">\n\t<path class=\"elementor-shape-fill\" d=\"M283.5,9.7c0,0-7.3,4.3-14,4.6c-6.8,0.3-12.6,0-20.9-1.5c-11.3-2-33.1-10.1-44.7-5.7\ts-12.1,4.6-18,7.4c-6.6,3.2-20,9.6-36.6,9.3C131.6,23.5,99.5,7.2,86.3,8c-1.4,0.1-6.6,0.8-10.5,2c-3.8,1.2-9.4,3.8-17,4.7\tc-3.2,0.4-8.3,1.1-14.2,0.9c-1.5-0.1-6.3-0.4-12-1.6c-5.7-1.2-11-3.1-15.8-3.7C6.5,9.2,0,10.8,0,10.8V0h283.5V9.7z M260.8,11.3\tc-0.7-1-2-0.4-4.3-0.4c-2.3,0-6.1-1.2-5.8-1.1c0.3,0.1,3.1,1.5,6,1.9C259.7,12.2,261.4,12.3,260.8,11.3z M242.4,8.6\tc0,0-2.4-0.2-5.6-0.9c-3.2-0.8-10.3-2.8-15.1-3.5c-8.2-1.1-15.8,0-15.1,0.1c0.8,0.1,9.6-0.6,17.6,1.1c3.3,0.7,9.3,2.2,12.4,2.7\tC239.9,8.7,242.4,8.6,242.4,8.6z M185.2,8.5c1.7-0.7-13.3,4.7-18.5,6.1c-2.1,0.6-6.2,1.6-10,2c-3.9,0.4-8.9,0.4-8.8,0.5\tc0,0.2,5.8,0.8,11.2,0c5.4-0.8,5.2-1.1,7.6-1.6C170.5,14.7,183.5,9.2,185.2,8.5z M199.1,6.9c0.2,0-0.8-0.4-4.8,1.1\tc-4,1.5-6.7,3.5-6.9,3.7c-0.2,0.1,3.5-1.8,6.6-3C197,7.5,199,6.9,199.1,6.9z M283,6c-0.1,0.1-1.9,1.1-4.8,2.5s-6.9,2.8-6.7,2.7\tc0.2,0,3.5-0.6,7.4-2.5C282.8,6.8,283.1,5.9,283,6z M31.3,11.6c0.1-0.2-1.9-0.2-4.5-1.2s-5.4-1.6-7.8-2C15,7.6,7.3,8.5,7.7,8.6\tC8,8.7,15.9,8.3,20.2,9.3c2.2,0.5,2.4,0.5,5.7,1.6S31.2,11.9,31.3,11.6z M73,9.2c0.4-0.1,3.5-1.6,8.4-2.6c4.9-1.1,8.9-0.5,8.9-0.8\tc0-0.3-1-0.9-6.2-0.3S72.6,9.3,73,9.2z M71.6,6.7C71.8,6.8,75,5.4,77.3,5c2.3-0.3,1.9-0.5,1.9-0.6c0-0.1-1.1-0.2-2.7,0.2\tC74.8,5.1,71.4,6.6,71.6,6.7z M93.6,4.4c0.1,0.2,3.5,0.8,5.6,1.8c2.1,1,1.8,0.6,1.9,0.5c0.1-0.1-0.8-0.8-2.4-1.3\tC97.1,4.8,93.5,4.2,93.6,4.4z M65.4,11.1c-0.1,0.3,0.3,0.5,1.9-0.2s2.6-1.3,2.2-1.2s-0.9,0.4-2.5,0.8C65.3,10.9,65.5,10.8,65.4,11.1\tz M34.5,12.4c-0.2,0,2.1,0.8,3.3,0.9c1.2,0.1,2,0.1,2-0.2c0-0.3-0.1-0.5-1.6-0.4C36.6,12.8,34.7,12.4,34.5,12.4z M152.2,21.1\tc-0.1,0.1-2.4-0.3-7.5-0.3c-5,0-13.6-2.4-17.2-3.5c-3.6-1.1,10,3.9,16.5,4.1C150.5,21.6,152.3,21,152.2,21.1z\"\/>\n\t<path class=\"elementor-shape-fill\" d=\"M269.6,18c-0.1-0.1-4.6,0.3-7.2,0c-7.3-0.7-17-3.2-16.6-2.9c0.4,0.3,13.7,3.1,17,3.3\tC267.7,18.8,269.7,18,269.6,18z\"\/>\n\t<path class=\"elementor-shape-fill\" d=\"M227.4,9.8c-0.2-0.1-4.5-1-9.5-1.2c-5-0.2-12.7,0.6-12.3,0.5c0.3-0.1,5.9-1.8,13.3-1.2\tS227.6,9.9,227.4,9.8z\"\/>\n\t<path class=\"elementor-shape-fill\" d=\"M204.5,13.4c-0.1-0.1,2-1,3.2-1.1c1.2-0.1,2,0,2,0.3c0,0.3-0.1,0.5-1.6,0.4\tC206.4,12.9,204.6,13.5,204.5,13.4z\"\/>\n\t<path class=\"elementor-shape-fill\" d=\"M201,10.6c0-0.1-4.4,1.2-6.3,2.2c-1.9,0.9-6.2,3.1-6.1,3.1c0.1,0.1,4.2-1.6,6.3-2.6\tS201,10.7,201,10.6z\"\/>\n\t<path class=\"elementor-shape-fill\" d=\"M154.5,26.7c-0.1-0.1-4.6,0.3-7.2,0c-7.3-0.7-17-3.2-16.6-2.9c0.4,0.3,13.7,3.1,17,3.3\tC152.6,27.5,154.6,26.8,154.5,26.7z\"\/>\n\t<path class=\"elementor-shape-fill\" d=\"M41.9,19.3c0,0,1.2-0.3,2.9-0.1c1.7,0.2,5.8,0.9,8.2,0.7c4.2-0.4,7.4-2.7,7-2.6\tc-0.4,0-4.3,2.2-8.6,1.9c-1.8-0.1-5.1-0.5-6.7-0.4S41.9,19.3,41.9,19.3z\"\/>\n\t<path class=\"elementor-shape-fill\" d=\"M75.5,12.6c0.2,0.1,2-0.8,4.3-1.1c2.3-0.2,2.1-0.3,2.1-0.5c0-0.1-1.8-0.4-3.4,0\tC76.9,11.5,75.3,12.5,75.5,12.6z\"\/>\n\t<path class=\"elementor-shape-fill\" d=\"M15.6,13.2c0-0.1,4.3,0,6.7,0.5c2.4,0.5,5,1.9,5,2c0,0.1-2.7-0.8-5.1-1.4\tC19.9,13.7,15.7,13.3,15.6,13.2z\"\/>\n<\/svg>\t\t<\/div>\n\t\t\t\t\t<div class=\"elementor-container elementor-column-gap-default\">\n\t\t\t\t\t<div class=\"elementor-column elementor-col-100 elementor-top-column elementor-element elementor-element-69a8d2db\" data-id=\"69a8d2db\" data-element_type=\"column\" data-e-type=\"column\" data-settings=\"{&quot;background_background&quot;:&quot;classic&quot;}\">\n\t\t\t<div class=\"elementor-widget-wrap elementor-element-populated\">\n\t\t\t\t\t\t<div class=\"elementor-element elementor-element-5883dcf0 elementor-widget__width-initial elementor-widget elementor-widget-heading\" data-id=\"5883dcf0\" data-element_type=\"widget\" data-e-type=\"widget\" data-widget_type=\"heading.default\">\n\t\t\t\t<div class=\"elementor-widget-container\">\n\t\t\t\t\t<h2 class=\"elementor-heading-title elementor-size-default\">BOOKING CONDITIONS<\/h2>\t\t\t\t<\/div>\n\t\t\t\t<\/div>\n\t\t\t\t\t<\/div>\n\t\t<\/div>\n\t\t\t\t\t<\/div>\n\t\t<\/section>\n\t\t\t\t<section class=\"elementor-section elementor-top-section elementor-element elementor-element-a5a5434 elementor-section-boxed elementor-section-height-default elementor-section-height-default\" data-id=\"a5a5434\" data-element_type=\"section\" data-e-type=\"section\">\n\t\t\t\t\t\t<div class=\"elementor-container elementor-column-gap-default\">\n\t\t\t\t\t<div class=\"elementor-column elementor-col-100 elementor-top-column elementor-element elementor-element-f7bd43e\" data-id=\"f7bd43e\" data-element_type=\"column\" data-e-type=\"column\">\n\t\t\t<div class=\"elementor-widget-wrap elementor-element-populated\">\n\t\t\t\t\t\t<div class=\"elementor-element elementor-element-295058f elementor-widget elementor-widget-text-editor\" data-id=\"295058f\" data-element_type=\"widget\" data-e-type=\"widget\" data-widget_type=\"text-editor.default\">\n\t\t\t\t<div class=\"elementor-widget-container\">\n\t\t\t\t\t\t\t\t\t<p><b>BOOKINGBETINGELSER RJ\u00c5NES FERIE- OG KONFERANSESENTER<\/b><\/p><p><span style=\"font-style: inherit; color: var( --e-global-color-text ); font-family: var( --e-global-typography-text-font-family ), Sans-serif;\">A<\/span><span style=\"font-style: inherit; font-weight: inherit; color: var( --e-global-color-text ); font-family: var( --e-global-typography-text-font-family ), Sans-serif;\">LMINNELIGE BETINGELSER<\/span><\/p><p><span style=\"font-style: inherit; font-weight: inherit; color: var( --e-global-color-text ); font-family: var( --e-global-typography-text-font-family ), Sans-serif;\">Salgsbetingelsene utgj\u00f8r sammen med din bestilling, bekreftet gjennom en ordrebekreftelse, det samlede avtalegrunnlaget for kj\u00f8pet. Disse bestemmelsene gjelder som bindende kontrakt for varer\/tjenester kj\u00f8pt via rjaanes.no, via v\u00e5re telefoner, og for opphold p\u00e5 v\u00e5re utleieenheter. Forbrukerkj\u00f8p er blant annet regulert i forbrukerkj\u00f8psloven, angrerettloven, markedsf\u00f8ringsloven, personopplysningsloven, e-handelsloven og kredittkj\u00f8psloven. \u00d8nsker du mer informasjon om dine rettigheter og plikter ved kj\u00f8p, kan disse lovene s\u00f8kes opp p\u00e5 lovdata.no. Betingelsene gjelder for produkter kj\u00f8pt fra Rj\u00e5nes Ferie- og Konferansesenter heretter kalt &laquo;Selger&raquo;. Der det i disse salgsbetingelsene stilles krav til skriftlighet, er dette oppfylt ved bruk av e-post, SMS, brev, eller lignende.<\/span><\/p><p><span style=\"color: var( --e-global-color-text ); font-family: var( --e-global-typography-text-font-family ), Sans-serif; font-style: inherit; font-weight: inherit;\"><br \/>1. GENERELL INFORMASJON<\/span><\/p><p><span style=\"font-style: inherit; font-weight: inherit; color: var( --e-global-color-text ); font-family: var( --e-global-typography-text-font-family ), Sans-serif;\">1.1. Den som bestiller p\u00e5 www.rjaanes.no m\u00e5 v\u00e6re fylt 18 \u00e5r. Dette gjelder for overnatting og\/eller andre tjenester som kan bestilles p\u00e5 gjeldende nettside.<\/span><\/p><p>1.2. Kontroller bekreftelsen du mottar, slik at denne er i henhold til bestillingen. Leietaker er selv ansvarlig for at kontrakten er i henhold til bestillingen.<\/p><p>1.3. Selger fraskriver seg ansvaret for feil som gjester gj\u00f8r hvis de ikke har fulgt v\u00e5re vilk\u00e5r. Vilk\u00e5rene beskytter deg som gjest, overnattingsstedet og selger som distribut\u00f8rer.<\/p><p>1.4. Gavekort kan ikke benyttes p\u00e5 www.rjaanes.no<\/p><p><span style=\"font-style: inherit; font-weight: inherit; color: var( --e-global-color-text ); font-family: var( --e-global-typography-text-font-family ), Sans-serif;\">2. BESTILLING<\/span><\/p><p><span style=\"font-style: inherit; font-weight: inherit; color: var( --e-global-color-text ); font-family: var( --e-global-typography-text-font-family ), Sans-serif;\">2.1. Du vil motta en epost n\u00e5r du har gjennomf\u00f8rt bestillingen, forutsatt at du har benyttet en korrekt og gyldig e-post adresse.<\/span><\/p><p>2.2. Selger og v\u00e5re samarbeidspartnere er ansvarlige for at din innloggingsinformasjon ikke blir misbrukt, videresolgt til tredjepart eller p\u00e5 andre m\u00e5ter distribuert uten ditt samtykke. Innloggingsinformasjonen behandles i henhold til GDPR<\/p><p>2.3. I forbindelse med din bestilling samtykker du til at vi kan sende relevant informasjon til din epostadresse.\u00a0<br \/><br \/><\/p><p>3. PRISER<\/p><p><span style=\"font-style: inherit; font-weight: inherit; color: var( --e-global-color-text ); font-family: var( --e-global-typography-text-font-family ), Sans-serif;\">3.1. De avtalte prisene er bindende for alle parter. Selger tar forbehold om evt. skrivefeil.<\/span><\/p><p>3.2. Overnattingsstedet forbeholder seg retten til \u00e5 foreta endringer i prisen som f\u00f8lge av \u00f8kte kostnader ved innkj\u00f8p av varer og tjenester, \u00f8kt skatter eller andre omstendigheter utenfor overnattingsstedet sin kontroll.<\/p><p>3.3. Selger tar forbehold om trykkfeil i priser.<\/p><p>\u00a0<\/p><p>4. BETALING<\/p><p><span style=\"font-style: inherit; font-weight: inherit; color: var( --e-global-color-text ); font-family: var( --e-global-typography-text-font-family ), Sans-serif;\">4.1. Ved bestilling betales et depositum og resterende bel\u00f8p betales ved oppholdets slutt.<\/span><\/p><p>4.2. Ved betaling med faktura kommer det et fakturagebyr p\u00e5 NOK 80,-.<\/p><p>4.3. Ved bekreftet opphold aksepterer leietakeren nedenfor nevnte leievilk\u00e5r. Kontroller bekreftelsen du mottar, slik at denne er i henhold til bestillingen. Leietakeren er selv ansvarlig for at kontrakten er i henhold til bestillingen. Bestillinger som ikke er fullt betalt kan kanselleres ved forfallsdato, og det er vanlige avbestillingsvilk\u00e5r som gjelder.<\/p><p>\u00a0<\/p><p>5. AVBESTILLING<\/p><p><span style=\"font-style: inherit; font-weight: inherit; color: var( --e-global-color-text ); font-family: var( --e-global-typography-text-font-family ), Sans-serif;\">5.1. Avbestiller gjesten oppholdet tidligere enn 30 dager f\u00f8r ankomst, returneres forskuddsutbetalingen, minus et avbestillings-\/administrasjonsgebyr p\u00e5 kr. 500,- pr. utleieenhet. Ved avbestilling mindre enn 30 dager f\u00f8r ankomst, beholder utleier hele det innbetalte bel\u00f8p. Ved tidligere utsjekk blir ikke bel\u00f8p for utest\u00e5ende netter refundert.<\/span><\/p><p>5.2. Alle avbestillinger m\u00e5 skje skriftlig til Rj\u00e5nes Ferie- og Konferansesenter p\u00e5 post@rjaanes.no<\/p><p>5.3. Bestiller er selv ansvarlig for egne, relevante forsikringspremier som gjelder reise og bestiller\/leieforhold. For eksempel reise og fritidsforsikring samt reise og ansvarsforsikring.<\/p><p>\u00a0<\/p><p>6. AVBESTILLINGSFORSIKRING ??<\/p><p><span style=\"font-style: inherit; font-weight: inherit; color: var( --e-global-color-text ); font-family: var( --e-global-typography-text-font-family ), Sans-serif;\">6.1. Avbestillingsforsikring for NOK 350,- pr. enhet kan kj\u00f8pes sammen med bestillingen. Avbestillingsforsikring kan ikke kj\u00f8pes separat eller i ettertid.<\/span><\/p><p>6.2. Avbestillingsforsikring gir deg muligheten i visse situasjoner til \u00e5 avbestille fram til og med dagen f\u00f8r avtalt ankomst. Kostnaden for selve avbestillingsforsikringen betales ikke tilbake.<\/p><p>6.3. Avbestillingsforsikring gjelder i f\u00f8lgende situasjoner, som ikke var kjent p\u00e5 bestillingstidspunktet: a) D\u00f8dsfall, sykdom eller alvorlig ulykke som rammer deg, din mann\/kone, partner, familie eller medreisende. b) Innkallelse til milit\u00e6ret eller lignende. c) Det skjer en alvorlig hendelse utenfor din kontroll, som du ikke kunne forutse n\u00e5r du bestilte, og som medf\u00f8rer at det ikke er rimelig av oss \u00e5 kreve at du beholder din reservasjon.<\/p><p>6.4. Du m\u00e5 kunne dokumentere dine grunner med en erkl\u00e6ring fra f.eks. lege, myndighetene eller forsikringsselskapet. Bare en kvittering fra et legebes\u00f8k er ikke nok som dokumentasjon. Erkl\u00e6ringen b\u00f8r sendes til oss s\u00e5 snart som mulig, helst innenfor en uke fra avbestillingsdagen. Erkl\u00e6ringen sendes til booking@norefjellskiogspa.no.<\/p><p>\u00a0<\/p><p>7. FORCE MAJEURE OG UTILFREDSSTILLENDE V\u00c6RFORHOLD<\/p><p><span style=\"font-style: inherit; font-weight: inherit; color: var( --e-global-color-text ); font-family: var( --e-global-typography-text-font-family ), Sans-serif;\">7.1. Selger og v\u00e5re underleverand\u00f8rer (inkludert overnattingsteder) st\u00e5r ikke til ansvar for utilfredsstillende v\u00e6rforhold, stengte fasiliteter eller andre forhold som ligger utenfor anleggets kontroll. Vi tar forbehold om feilprising, beskrivelser av tjenester og tekniske problemer som kan oppst\u00e5. Partene kan tre ut av avtalen dersom boenheten ikke kan benyttes p\u00e5 grunn av krigshandlinger, naturkatastrofer, lengre avbrudd av vann eller el-tilf\u00f8rsler, og lignende hendelser som verken utleier eller leietaker kunne forutse eller p\u00e5virke.<\/span><\/p><p>7.2. P\u00e5 bakgrunn av hendelser som ligger utenfor overnattingstedets kontroll, har overnattingsstedet rett til \u00e5 flytte leietaker til et likeverdig, eller bedre, bosted. Der det er mulig, skal leietaker informeres p\u00e5 forh\u00e5nd om slike endringer. Slike endringer gir ikke leietaker rett til \u00e5 unnlate \u00e5 betale for oppholdet.<\/p><p>\u00a0<\/p><p>8. INNSJEKK OG UTSJEKK<\/p><p><span style=\"font-style: inherit; font-weight: inherit; color: var( --e-global-color-text );\">8.1. N\u00f8kkelutlevering og -tilbakelevering til alle v\u00e5re enheter p\u00e5 Rj\u00e5nes Ferie- og Konferansesenter skjer i resepsjonen p\u00e5 adresse: Liadalsvegen 965, 6152 \u00d8rsta.\u00a0<\/span><\/p><p>8.2. Innsjekk tidligst kl. 16:00 (i enkelte travle utsjekk\/innsjekksdager, kan det v\u00e6re at rommet er ferdig senere enn dette.)<\/p><p>8.3. Utsjekk senest kl. 11:00<\/p><p>\u00a0<\/p><p>9. LEIETAGERS ANSVAR VED OVERNATTING OG ANDRE VILK\u00c5R<\/p><p><span style=\"font-style: inherit; font-weight: inherit; color: var( --e-global-color-text );\">9.1. Leietaker plikter \u00e5 behandle utleieenheten, inventar og utstyr i tilknytning til enheten p\u00e5 en slik m\u00e5te at ingen skade og un\u00f8dvendig slitasje oppst\u00e5r.<\/span><\/p><p>9.2. St\u00f8y og br\u00e5k i utleieenheten som er til sjenanse for v\u00e5re \u00f8vrige gjester vil bli p\u00e5talt. Tas p\u00e5talen ikke til f\u00f8lge, vil umiddelbar utkastelse kunne bli foretatt. Ved en slik situasjon refunderes ikke leiebel\u00f8pet. Det skal v\u00e6re stille senest kl. 23.00. Ved \u00f8delagt inventar eller utstyr, h\u00e6rverk\/skade eller selvforskyldt utl\u00f8sning av brannalarm som f\u00f8rer til utrykning vil erstatning bli avkrevd f\u00f8r avreise, eventuelt etterfakturert. Utleieenheten m\u00e5 kun bebos av det kontraktfestede antall personer.<\/p><p>9.3. Husdyr kan kun medbringes p\u00e5 de enheter hvor dette er tillatt, og betaling for dette er avtalt. Ved overtredelse vil det bli etterfakturert kr fem tusen, 5 000,- til leietaker. Hvis du \u00f8nsker \u00e5 ta med husdyr er det viktig at dette spesifiseres i bookingen.<\/p><p>9.4. Rengj\u00f8ring: Ved avreise skal gjesten rydde etter seg. Dette inneb\u00e6rer at gjesten vasker av s\u00f8l p\u00e5 benker, tar oppvask og fjerner s\u00f8ppel og tomgods fra boenheten. Eventuelt leid senget\u00f8y skal tas av og legges ved siden av sengen ved avreise. Skulle v\u00e5rt ettersynspersonell ikke godkjenne ryddingen, p\u00e5 kommer et ekstra gebyr. Husk \u00e5 lukke alle d\u00f8rer og vinduer.<\/p><p>9.5. Senget\u00f8y: Dyner og puter finnes i utleieenhetene, samt sengesett og h\u00e5ndkl\u00e6r.<\/p><p>9.6. Skader som leietaker p\u00e5f\u00f8rer enheten, skal erstattes av leietaker.<\/p><p>9.7. Det er r\u00f8ykeforbud p\u00e5 alle v\u00e5re rom og leiligheter. Vi ber alle v\u00e5re gjester om \u00e5 respektere dette. Blir ikke dette overholdt vil man bli etter fakturert for kostnadene dette medf\u00f8rer, minimum NOK 1500,-.<\/p><p>9.8. Leietaker plikter \u00e5 f\u00f8lge bestemmelser ang\u00e5ende husdyrhold, r\u00f8yking og bruk av \u00e5pen ild. Ved overtredelser vil det bli fakturert et minimumsgebyr p\u00e5 NOK 5000,. Se for \u00f8vrig andre gjeldene regler for hvert enkelte overnattingssted.<\/p><p>9.9. Str\u00f8m er inkludert i prisen. Ved er ikke inkludert og m\u00e5 bestilles separat.<br \/><br \/><\/p><p>10. REKLAMASJONER<\/p><p><span style=\"font-style: inherit; font-weight: inherit; color: var( --e-global-color-text );\">10.1. Eventuelle reklamasjoner under oppholdet skal fremsettes overfor utleier p\u00e5 stedet. Ta umiddelbart kontakt, eller senest kl.10:00 dagen etter ankomst, slik at mangelen\/feilen kan rettes med det samme og med minst mulig ulempe for gjesten. Feil som f\u00f8rst blir innberettet ved avreise eller senere, vil ikke bli kompensert \u00f8konomisk.<\/span><\/p>\t\t\t\t\t\t\t\t<\/div>\n\t\t\t\t<\/div>\n\t\t\t\t\t<\/div>\n\t\t<\/div>\n\t\t\t\t\t<\/div>\n\t\t<\/section>\n\t\t\t\t<\/div>","protected":false},"excerpt":{"rendered":"<p>BOOKINGBETINGELSER BOOKINGBETINGELSER RJ\u00c5NES FERIE- OG KONFERANSESENTER ALMINNELIGE BETINGELSER Salgsbetingelsene utgj\u00f8r sammen med din bestilling, bekreftet gjennom en ordrebekreftelse, det samlede avtalegrunnlaget for kj\u00f8pet. Disse bestemmelsene gjelder som bindende kontrakt for varer\/tjenester kj\u00f8pt via rjaanes.no, via v\u00e5re telefoner, og for opphold p\u00e5 v\u00e5re utleieenheter. Forbrukerkj\u00f8p er blant annet regulert i forbrukerkj\u00f8psloven, angrerettloven, markedsf\u00f8ringsloven, personopplysningsloven, e-handelsloven og [&hellip;]<\/p>\n","protected":false},"author":2,"featured_media":0,"parent":0,"menu_order":0,"comment_status":"closed","ping_status":"closed","template":"","meta":{"site-sidebar-layout":"no-sidebar","site-content-layout":"page-builder","ast-site-content-layout":"default","site-content-style":"default","site-sidebar-style":"default","ast-global-header-display":"","ast-banner-title-visibility":"","ast-main-header-display":"","ast-hfb-above-header-display":"","ast-hfb-below-header-display":"","ast-hfb-mobile-header-display":"","site-post-title":"disabled","ast-breadcrumbs-content":"","ast-featured-img":"disabled","footer-sml-layout":"","ast-disable-related-posts":"","theme-transparent-header-meta":"default","adv-header-id-meta":"","stick-header-meta":"default","header-above-stick-meta":"","header-main-stick-meta":"","header-below-stick-meta":"","astra-migrate-meta-layouts":"default","ast-page-background-enabled":"default","ast-page-background-meta":{"desktop":{"background-color":"","background-image":"","background-repeat":"repeat","background-position":"center center","background-size":"auto","background-attachment":"scroll","background-type":"","background-media":"","overlay-type":"","overlay-color":"","overlay-opacity":"","overlay-gradient":""},"tablet":{"background-color":"","background-image":"","background-repeat":"repeat","background-position":"center center","background-size":"auto","background-attachment":"scroll","background-type":"","background-media":"","overlay-type":"","overlay-color":"","overlay-opacity":"","overlay-gradient":""},"mobile":{"background-color":"","background-image":"","background-repeat":"repeat","background-position":"center center","background-size":"auto","background-attachment":"scroll","background-type":"","background-media":"","overlay-type":"","overlay-color":"","overlay-opacity":"","overlay-gradient":""}},"ast-content-background-meta":{"desktop":{"background-color":"var(--ast-global-color-5)","background-image":"","background-repeat":"repeat","background-position":"center center","background-size":"auto","background-attachment":"scroll","background-type":"","background-media":"","overlay-type":"","overlay-color":"","overlay-opacity":"","overlay-gradient":""},"tablet":{"background-color":"var(--ast-global-color-5)","background-image":"","background-repeat":"repeat","background-position":"center center","background-size":"auto","background-attachment":"scroll","background-type":"","background-media":"","overlay-type":"","overlay-color":"","overlay-opacity":"","overlay-gradient":""},"mobile":{"background-color":"var(--ast-global-color-5)","background-image":"","background-repeat":"repeat","background-position":"center center","background-size":"auto","background-attachment":"scroll","background-type":"","background-media":"","overlay-type":"","overlay-color":"","overlay-opacity":"","overlay-gradient":""}},"footnotes":""},"class_list":["post-1584","page","type-page","status-publish","hentry"],"jetpack_sharing_enabled":true,"_links":{"self":[{"href":"http:\/\/www.rjaanes.no\/en\/wp-json\/wp\/v2\/pages\/1584","targetHints":{"allow":["GET"]}}],"collection":[{"href":"http:\/\/www.rjaanes.no\/en\/wp-json\/wp\/v2\/pages"}],"about":[{"href":"http:\/\/www.rjaanes.no\/en\/wp-json\/wp\/v2\/types\/page"}],"author":[{"embeddable":true,"href":"http:\/\/www.rjaanes.no\/en\/wp-json\/wp\/v2\/users\/2"}],"replies":[{"embeddable":true,"href":"http:\/\/www.rjaanes.no\/en\/wp-json\/wp\/v2\/comments?post=1584"}],"version-history":[{"count":22,"href":"http:\/\/www.rjaanes.no\/en\/wp-json\/wp\/v2\/pages\/1584\/revisions"}],"predecessor-version":[{"id":1748,"href":"http:\/\/www.rjaanes.no\/en\/wp-json\/wp\/v2\/pages\/1584\/revisions\/1748"}],"wp:attachment":[{"href":"http:\/\/www.rjaanes.no\/en\/wp-json\/wp\/v2\/media?parent=1584"}],"curies":[{"name":"wp","href":"https:\/\/api.w.org\/{rel}","templated":true}]}}