{"id":1687,"date":"2021-03-17T21:58:27","date_gmt":"2021-03-17T20:58:27","guid":{"rendered":"https:\/\/www.rjaanes.no\/?page_id=1687"},"modified":"2021-03-18T11:00:17","modified_gmt":"2021-03-18T10:00:17","slug":"personvernerklaering","status":"publish","type":"page","link":"https:\/\/www.rjaanes.no\/en\/personvernerklaering\/","title":{"rendered":"Personvernerkl\u00e6ring"},"content":{"rendered":"<div data-elementor-type=\"wp-page\" data-elementor-id=\"1687\" class=\"elementor elementor-1687\" data-elementor-post-type=\"page\">\n\t\t\t\t\t\t<section class=\"elementor-section elementor-top-section elementor-element elementor-element-20dce726 elementor-section-full_width elementor-section-height-min-height elementor-section-height-default elementor-section-items-middle\" data-id=\"20dce726\" data-element_type=\"section\" data-e-type=\"section\" data-settings=\"{&quot;background_background&quot;:&quot;classic&quot;,&quot;shape_divider_bottom&quot;:&quot;wave-brush&quot;}\">\n\t\t\t\t\t<div class=\"elementor-shape elementor-shape-bottom\" aria-hidden=\"true\" data-negative=\"false\">\n\t\t\t<svg xmlns=\"http:\/\/www.w3.org\/2000\/svg\" viewbox=\"0 0 283.5 27.8\" preserveaspectratio=\"none\">\n\t<path class=\"elementor-shape-fill\" d=\"M283.5,9.7c0,0-7.3,4.3-14,4.6c-6.8,0.3-12.6,0-20.9-1.5c-11.3-2-33.1-10.1-44.7-5.7\ts-12.1,4.6-18,7.4c-6.6,3.2-20,9.6-36.6,9.3C131.6,23.5,99.5,7.2,86.3,8c-1.4,0.1-6.6,0.8-10.5,2c-3.8,1.2-9.4,3.8-17,4.7\tc-3.2,0.4-8.3,1.1-14.2,0.9c-1.5-0.1-6.3-0.4-12-1.6c-5.7-1.2-11-3.1-15.8-3.7C6.5,9.2,0,10.8,0,10.8V0h283.5V9.7z M260.8,11.3\tc-0.7-1-2-0.4-4.3-0.4c-2.3,0-6.1-1.2-5.8-1.1c0.3,0.1,3.1,1.5,6,1.9C259.7,12.2,261.4,12.3,260.8,11.3z M242.4,8.6\tc0,0-2.4-0.2-5.6-0.9c-3.2-0.8-10.3-2.8-15.1-3.5c-8.2-1.1-15.8,0-15.1,0.1c0.8,0.1,9.6-0.6,17.6,1.1c3.3,0.7,9.3,2.2,12.4,2.7\tC239.9,8.7,242.4,8.6,242.4,8.6z M185.2,8.5c1.7-0.7-13.3,4.7-18.5,6.1c-2.1,0.6-6.2,1.6-10,2c-3.9,0.4-8.9,0.4-8.8,0.5\tc0,0.2,5.8,0.8,11.2,0c5.4-0.8,5.2-1.1,7.6-1.6C170.5,14.7,183.5,9.2,185.2,8.5z M199.1,6.9c0.2,0-0.8-0.4-4.8,1.1\tc-4,1.5-6.7,3.5-6.9,3.7c-0.2,0.1,3.5-1.8,6.6-3C197,7.5,199,6.9,199.1,6.9z M283,6c-0.1,0.1-1.9,1.1-4.8,2.5s-6.9,2.8-6.7,2.7\tc0.2,0,3.5-0.6,7.4-2.5C282.8,6.8,283.1,5.9,283,6z M31.3,11.6c0.1-0.2-1.9-0.2-4.5-1.2s-5.4-1.6-7.8-2C15,7.6,7.3,8.5,7.7,8.6\tC8,8.7,15.9,8.3,20.2,9.3c2.2,0.5,2.4,0.5,5.7,1.6S31.2,11.9,31.3,11.6z M73,9.2c0.4-0.1,3.5-1.6,8.4-2.6c4.9-1.1,8.9-0.5,8.9-0.8\tc0-0.3-1-0.9-6.2-0.3S72.6,9.3,73,9.2z M71.6,6.7C71.8,6.8,75,5.4,77.3,5c2.3-0.3,1.9-0.5,1.9-0.6c0-0.1-1.1-0.2-2.7,0.2\tC74.8,5.1,71.4,6.6,71.6,6.7z M93.6,4.4c0.1,0.2,3.5,0.8,5.6,1.8c2.1,1,1.8,0.6,1.9,0.5c0.1-0.1-0.8-0.8-2.4-1.3\tC97.1,4.8,93.5,4.2,93.6,4.4z M65.4,11.1c-0.1,0.3,0.3,0.5,1.9-0.2s2.6-1.3,2.2-1.2s-0.9,0.4-2.5,0.8C65.3,10.9,65.5,10.8,65.4,11.1\tz M34.5,12.4c-0.2,0,2.1,0.8,3.3,0.9c1.2,0.1,2,0.1,2-0.2c0-0.3-0.1-0.5-1.6-0.4C36.6,12.8,34.7,12.4,34.5,12.4z M152.2,21.1\tc-0.1,0.1-2.4-0.3-7.5-0.3c-5,0-13.6-2.4-17.2-3.5c-3.6-1.1,10,3.9,16.5,4.1C150.5,21.6,152.3,21,152.2,21.1z\"\/>\n\t<path class=\"elementor-shape-fill\" d=\"M269.6,18c-0.1-0.1-4.6,0.3-7.2,0c-7.3-0.7-17-3.2-16.6-2.9c0.4,0.3,13.7,3.1,17,3.3\tC267.7,18.8,269.7,18,269.6,18z\"\/>\n\t<path class=\"elementor-shape-fill\" d=\"M227.4,9.8c-0.2-0.1-4.5-1-9.5-1.2c-5-0.2-12.7,0.6-12.3,0.5c0.3-0.1,5.9-1.8,13.3-1.2\tS227.6,9.9,227.4,9.8z\"\/>\n\t<path class=\"elementor-shape-fill\" d=\"M204.5,13.4c-0.1-0.1,2-1,3.2-1.1c1.2-0.1,2,0,2,0.3c0,0.3-0.1,0.5-1.6,0.4\tC206.4,12.9,204.6,13.5,204.5,13.4z\"\/>\n\t<path class=\"elementor-shape-fill\" d=\"M201,10.6c0-0.1-4.4,1.2-6.3,2.2c-1.9,0.9-6.2,3.1-6.1,3.1c0.1,0.1,4.2-1.6,6.3-2.6\tS201,10.7,201,10.6z\"\/>\n\t<path class=\"elementor-shape-fill\" d=\"M154.5,26.7c-0.1-0.1-4.6,0.3-7.2,0c-7.3-0.7-17-3.2-16.6-2.9c0.4,0.3,13.7,3.1,17,3.3\tC152.6,27.5,154.6,26.8,154.5,26.7z\"\/>\n\t<path class=\"elementor-shape-fill\" d=\"M41.9,19.3c0,0,1.2-0.3,2.9-0.1c1.7,0.2,5.8,0.9,8.2,0.7c4.2-0.4,7.4-2.7,7-2.6\tc-0.4,0-4.3,2.2-8.6,1.9c-1.8-0.1-5.1-0.5-6.7-0.4S41.9,19.3,41.9,19.3z\"\/>\n\t<path class=\"elementor-shape-fill\" d=\"M75.5,12.6c0.2,0.1,2-0.8,4.3-1.1c2.3-0.2,2.1-0.3,2.1-0.5c0-0.1-1.8-0.4-3.4,0\tC76.9,11.5,75.3,12.5,75.5,12.6z\"\/>\n\t<path class=\"elementor-shape-fill\" d=\"M15.6,13.2c0-0.1,4.3,0,6.7,0.5c2.4,0.5,5,1.9,5,2c0,0.1-2.7-0.8-5.1-1.4\tC19.9,13.7,15.7,13.3,15.6,13.2z\"\/>\n<\/svg>\t\t<\/div>\n\t\t\t\t\t<div class=\"elementor-container elementor-column-gap-default\">\n\t\t\t\t\t<div class=\"elementor-column elementor-col-100 elementor-top-column elementor-element elementor-element-18f16c1d\" data-id=\"18f16c1d\" data-element_type=\"column\" data-e-type=\"column\" data-settings=\"{&quot;background_background&quot;:&quot;classic&quot;}\">\n\t\t\t<div class=\"elementor-widget-wrap elementor-element-populated\">\n\t\t\t\t\t\t<div class=\"elementor-element elementor-element-4f7d02f8 elementor-widget__width-initial elementor-widget elementor-widget-heading\" data-id=\"4f7d02f8\" data-element_type=\"widget\" data-e-type=\"widget\" data-widget_type=\"heading.default\">\n\t\t\t\t<div class=\"elementor-widget-container\">\n\t\t\t\t\t<h2 class=\"elementor-heading-title elementor-size-default\">PRIVACY STATEMENT<\/h2>\t\t\t\t<\/div>\n\t\t\t\t<\/div>\n\t\t\t\t\t<\/div>\n\t\t<\/div>\n\t\t\t\t\t<\/div>\n\t\t<\/section>\n\t\t\t\t<section class=\"elementor-section elementor-top-section elementor-element elementor-element-71459aef elementor-section-boxed elementor-section-height-default elementor-section-height-default\" data-id=\"71459aef\" data-element_type=\"section\" data-e-type=\"section\">\n\t\t\t\t\t\t<div class=\"elementor-container elementor-column-gap-default\">\n\t\t\t\t\t<div class=\"elementor-column elementor-col-100 elementor-top-column elementor-element elementor-element-50e6a23f\" data-id=\"50e6a23f\" data-element_type=\"column\" data-e-type=\"column\">\n\t\t\t<div class=\"elementor-widget-wrap elementor-element-populated\">\n\t\t\t\t\t\t<div class=\"elementor-element elementor-element-6aac7e20 elementor-widget elementor-widget-text-editor\" data-id=\"6aac7e20\" data-element_type=\"widget\" data-e-type=\"widget\" data-widget_type=\"text-editor.default\">\n\t\t\t\t<div class=\"elementor-widget-container\">\n\t\t\t\t\t\t\t\t\t<p><b>Personvernerkl\u00e6ring<\/b><\/p>\n<p>Denne personvernerkl\u00e6ringen inneholder b\u00e5de generell informasjon om hvordan vi samler inn og bruker personopplysninger, og informasjon om hvordan vi behandler personopplysninger. Den forteller ogs\u00e5 hvordan vi sikrer dine rettigheter etter reglene i personopplysningsloven.<\/p>\n<p><b>&nbsp;<span style=\"font-style: inherit; color: var( --e-global-color-text );\">N\u00f8kkelbegreper i erkl\u00e6ringen:<\/span><\/b><\/p>\n<ol>\n<li><span style=\"font-style: inherit; font-weight: inherit; color: var( --e-global-color-text );\">&nbsp;Personopplysninger:<br><\/span><span style=\"font-style: inherit; font-weight: inherit; color: var( --e-global-color-text );\">Er opplysninger (f.eks. navn, adresse og e-postadresse) og vurderinger som kan knyttes til en bestemt person.<\/span><span style=\"font-style: inherit; font-weight: inherit; color: var( --e-global-color-text );\"><br><\/span><\/li>\n<li>De registrerte:&nbsp;<br><span style=\"font-style: inherit; font-weight: inherit; color: var( --e-global-color-text );\">Er personer som personopplysningene relaterer seg til (ansatte, brukere, kunder, kontakter osv.)<\/span><\/li>\n<li>Behandling:<br><span style=\"font-style: inherit; font-weight: inherit; color: var( --e-global-color-text );\">Er enhver operasjon eller rekke av operasjoner som gj\u00f8res med personopplysninger. For eksempel: innsamling, registrering, organisering, strukturering, lagring, tilpasning eller endring, gjenfinning, bruk, utlevering ved overf\u00f8ring, spredning eller alle andre former for tilgjengeliggj\u00f8ring, sammenstilling eller samkj\u00f8ring, begrensning, sletting eller tilintetgj\u00f8ring.<\/span><\/li>\n<li>Behandlingsansvarlig:<br><span style=\"font-style: inherit; font-weight: inherit; color: var( --e-global-color-text );\">Er den som bestemmer form\u00e5let med behandlingen av personopplysninger og hvilke hjelpemidler som skal benyttes for \u00e5 behandle opplysningene. Det er den behandlingsansvarlige som er ansvarlig for at behandlingen av personopplysninger skjer i henhold til loven.<\/span><\/li>\n<li>Databehandler:<br><span style=\"font-style: inherit; font-weight: inherit; color: var( --e-global-color-text );\">Er de som behandler personopplysninger p\u00e5 vegne av den behandlingsansvarlige. Databehandleren skal bare behandle personopplysninger i henhold til avtalen med den behandlingsansvarlige.<\/span><\/li>\n<\/ol>\n<p><b>Generell informasjon om behandling av personopplysninger<\/b><\/p>\n<p>Personopplysningsloven regulerer alle former for behandling av personopplysninger. Loven stiller bl.a. strenge krav til konfidensialitet og sikkerhet ved behandling av personopplysninger. Datatilsynet f\u00f8rer tilsyn med loven.<\/p>\n<ol>\n<li><span style=\"font-style: inherit; font-weight: inherit; color: var( --e-global-color-text );\">Den behandlingsansvarlige<br><\/span><span style=\"font-style: inherit; font-weight: inherit; color: var( --e-global-color-text );\"><span style=\"font-style: inherit; font-weight: inherit; color: var( --e-global-color-text );\">Rj\u00e5nes Ferie- og Konferansesenter&nbsp; er behandlingsansvarlig for personopplysningene som innhentes og lagres av selskapet. Kontakt oss gjerne p\u00e5 post@rjaanes.no dersom du har sp\u00f8rsm\u00e5l, \u00f8nsker innsyn eller oppdatering av dine personopplysninger hos oss.<br><br><\/span><\/span><\/li><li><span style=\"font-style: inherit; font-weight: inherit; color: var( --e-global-color-text );\"><span style=\"font-style: inherit; font-weight: inherit; color: var( --e-global-color-text );\"><p><span style=\"color: var( --e-global-color-text ); font-style: inherit; font-weight: inherit;\">Form\u00e5let<\/span><br><\/p><\/span><\/span><\/li><li><span style=\"font-style: inherit; font-weight: inherit; color: var( --e-global-color-text );\">Opplysningene lagres for \u00e5 kunne administrere ditt kundeforhold med oss, og setter oss i stand til \u00e5 utfylle v\u00e5re forpliktelser i kundeforholdet.<br><\/span><span style=\"font-style: inherit; font-weight: inherit; color: var( --e-global-color-text );\"><br>Vi benytter personopplysningene til disse form\u00e5lene:<br><\/span><span style=\"font-style: inherit; font-weight: inherit; color: var( --e-global-color-text );\">Kundeadministrasjon, fakturering og levering av tjenester<br><\/span><span style=\"font-style: inherit; font-weight: inherit; color: var( --e-global-color-text );\">Kundeoppf\u00f8lging og support<br><\/span><span style=\"font-style: inherit; font-weight: inherit; color: var( --e-global-color-text );\">Leverand\u00f8radministrasjon, mottak av varer<\/span><span style=\"font-style: inherit; font-weight: inherit; color: var( --e-global-color-text );\"><br><\/span>Vi utleverer ingen personopplysninger til tredjeparter<br><br><\/li><li>\n<p>Hvilke personopplysninger lagrer vi<br>Vi lagrer ditt navn, din e-post, ditt telefonnummer<\/p>\n<p>P\u00e5 v\u00e5r server og i Google disk lagrer vi navn, e-post, og telefonnummer, samt dine bestillinger og kontrakter i forbindelse med oss. Du kan imidlertid n\u00e5r som helst henvende deg og be om \u00e5 f\u00e5 dem slettet tidligere, jamf\u00f8r punkt 5.<\/p>\n<\/li>\n<li>Hvordan vi henter inn dine opplysninger\n<p>Vi innhenter personopplysninger fra deg direkte, fra noen som representerer deg eller fra andre kilder som du har pekt ut eller som f\u00f8lger naturlig av den type tjeneste vi skal yte eller tilby til deg. Det er frivillig \u00e5 gi fra seg opplysningene<\/p>\n<p>Noen ganger har vi behov for \u00e5 innhente opplysninger direkte fra andre offentlige eller private institusjoner, eksempelvis proff.no, Br\u00f8nn\u00f8ysundregisteret eller via hjemmesiden til selskapet du representerer<\/p>\n<p>N\u00e5r vi innhenter personopplysninger er det kun n\u00e5r det er n\u00f8dvendig i forbindelse med etablering og forvaltning av dine avtaler med oss. Vi gj\u00f8r dette fordi vi har forpliktelser overfor deg som kunde, og for \u00e5 kunne im\u00f8tekomme dine \u00f8nsker og behov<\/p>\n<p>I tillegg til avtalte og lovp\u00e5lagte forpliktelser kan vi kun bruke dine personopplysninger hvis vi har f\u00e5tt ditt samtykke. Samtykket skal du ha gitt oss frivillig og du skal ha blitt informert om form\u00e5let med bruk av opplysningene.<\/p>\n<\/li>\n<li>Den registrertes rettigheter\n<p>Jamf\u00f8r Personopplysningsloven kan du som er registrert, n\u00e5r som helst be om innsyn, retting eller sletting av dine personopplysninger hos oss. Vi viser til kontaktinformasjonen oppgitt i punkt 1.<\/p>\n<\/li>\n<li>\n<p><span style=\"font-size: 16px;\">Arkivering, sikring og sletting av personopplysningen<br><\/span>Personopplysningene arkiveres i v\u00e5rt \u00f8konomisystem, Visma eAccounting\u200e. Dette er et veletablert og sv\u00e6rt sikkert system, og det vises til systemleverand\u00f8renes egen dokumentasjon som kan skaffes p\u00e5 foresp\u00f8rsel<\/p>\n<p>Det vil til enhver tid ogs\u00e5 ligge saks- og avtaledokumentasjon p\u00e5 firmaniv\u00e5 lagret p\u00e5 v\u00e5re egne servere. I tillegg finnes det personopplysninger (ikke sensitive) i e-postkommunikasjon med kunder, som for eksempel telefonnummer og rolle til kundens kontaktperson og e-postdialog rundt konkrete saker. Personopplysninger kan jamf\u00f8r punkt 5 enkelt slettes i systemene p\u00e5 foresp\u00f8rsel.<\/p>\n<\/li>\n<\/ol>\t\t\t\t\t\t\t\t<\/div>\n\t\t\t\t<\/div>\n\t\t\t\t\t<\/div>\n\t\t<\/div>\n\t\t\t\t\t<\/div>\n\t\t<\/section>\n\t\t\t\t<\/div>","protected":false},"excerpt":{"rendered":"<p>PERSONVERNERKL\u00c6RING Personvernerkl\u00e6ring Denne personvernerkl\u00e6ringen inneholder b\u00e5de generell informasjon om hvordan vi samler inn og bruker personopplysninger, og informasjon om hvordan vi behandler personopplysninger. Den forteller ogs\u00e5 hvordan vi sikrer dine rettigheter etter reglene i personopplysningsloven. &nbsp;N\u00f8kkelbegreper i erkl\u00e6ringen: &nbsp;Personopplysninger:Er opplysninger (f.eks. navn, adresse og e-postadresse) og vurderinger som kan knyttes til en bestemt person. De [&hellip;]<\/p>\n","protected":false},"author":2,"featured_media":0,"parent":0,"menu_order":0,"comment_status":"closed","ping_status":"closed","template":"","meta":{"site-sidebar-layout":"no-sidebar","site-content-layout":"page-builder","ast-site-content-layout":"default","site-content-style":"default","site-sidebar-style":"default","ast-global-header-display":"","ast-banner-title-visibility":"","ast-main-header-display":"","ast-hfb-above-header-display":"","ast-hfb-below-header-display":"","ast-hfb-mobile-header-display":"","site-post-title":"disabled","ast-breadcrumbs-content":"","ast-featured-img":"disabled","footer-sml-layout":"","ast-disable-related-posts":"","theme-transparent-header-meta":"default","adv-header-id-meta":"","stick-header-meta":"default","header-above-stick-meta":"","header-main-stick-meta":"","header-below-stick-meta":"","astra-migrate-meta-layouts":"default","ast-page-background-enabled":"default","ast-page-background-meta":{"desktop":{"background-color":"","background-image":"","background-repeat":"repeat","background-position":"center center","background-size":"auto","background-attachment":"scroll","background-type":"","background-media":"","overlay-type":"","overlay-color":"","overlay-opacity":"","overlay-gradient":""},"tablet":{"background-color":"","background-image":"","background-repeat":"repeat","background-position":"center center","background-size":"auto","background-attachment":"scroll","background-type":"","background-media":"","overlay-type":"","overlay-color":"","overlay-opacity":"","overlay-gradient":""},"mobile":{"background-color":"","background-image":"","background-repeat":"repeat","background-position":"center center","background-size":"auto","background-attachment":"scroll","background-type":"","background-media":"","overlay-type":"","overlay-color":"","overlay-opacity":"","overlay-gradient":""}},"ast-content-background-meta":{"desktop":{"background-color":"var(--ast-global-color-5)","background-image":"","background-repeat":"repeat","background-position":"center center","background-size":"auto","background-attachment":"scroll","background-type":"","background-media":"","overlay-type":"","overlay-color":"","overlay-opacity":"","overlay-gradient":""},"tablet":{"background-color":"var(--ast-global-color-5)","background-image":"","background-repeat":"repeat","background-position":"center center","background-size":"auto","background-attachment":"scroll","background-type":"","background-media":"","overlay-type":"","overlay-color":"","overlay-opacity":"","overlay-gradient":""},"mobile":{"background-color":"var(--ast-global-color-5)","background-image":"","background-repeat":"repeat","background-position":"center center","background-size":"auto","background-attachment":"scroll","background-type":"","background-media":"","overlay-type":"","overlay-color":"","overlay-opacity":"","overlay-gradient":""}},"footnotes":""},"class_list":["post-1687","page","type-page","status-publish","hentry"],"jetpack_sharing_enabled":true,"_links":{"self":[{"href":"https:\/\/www.rjaanes.no\/en\/wp-json\/wp\/v2\/pages\/1687","targetHints":{"allow":["GET"]}}],"collection":[{"href":"https:\/\/www.rjaanes.no\/en\/wp-json\/wp\/v2\/pages"}],"about":[{"href":"https:\/\/www.rjaanes.no\/en\/wp-json\/wp\/v2\/types\/page"}],"author":[{"embeddable":true,"href":"https:\/\/www.rjaanes.no\/en\/wp-json\/wp\/v2\/users\/2"}],"replies":[{"embeddable":true,"href":"https:\/\/www.rjaanes.no\/en\/wp-json\/wp\/v2\/comments?post=1687"}],"version-history":[{"count":11,"href":"https:\/\/www.rjaanes.no\/en\/wp-json\/wp\/v2\/pages\/1687\/revisions"}],"predecessor-version":[{"id":1955,"href":"https:\/\/www.rjaanes.no\/en\/wp-json\/wp\/v2\/pages\/1687\/revisions\/1955"}],"wp:attachment":[{"href":"https:\/\/www.rjaanes.no\/en\/wp-json\/wp\/v2\/media?parent=1687"}],"curies":[{"name":"wp","href":"https:\/\/api.w.org\/{rel}","templated":true}]}}